{"id":106,"date":"2025-03-18T17:40:33","date_gmt":"2025-03-18T16:40:33","guid":{"rendered":"https:\/\/o-broc.com\/hr\/?page_id=106"},"modified":"2025-03-18T17:40:33","modified_gmt":"2025-03-18T16:40:33","slug":"dol","status":"publish","type":"page","link":"https:\/\/o-broc.com\/hr\/kako-doci\/dol\/","title":{"rendered":"Dol"},"content":{"rendered":"<div id=\"pl-106\"  class=\"panel-layout\" ><div id=\"pg-106-0\"  class=\"panel-grid panel-no-style\" ><div id=\"pgc-106-0-0\"  class=\"panel-grid-cell\" ><div id=\"panel-106-0-0-0\" class=\"so-panel widget widget_sow-editor panel-first-child\" data-index=\"0\" ><div class=\"panel-widget-style panel-widget-style-for-106-0-0-0\" ><div\n\t\t\t\n\t\t\tclass=\"so-widget-sow-editor so-widget-sow-editor-base\"\n\t\t\t\n\t\t>\n<div class=\"siteorigin-widget-tinymce textwidget\">\n\t<p>Maleno mjesto Dol koje danas broji oko sto stanovnika nalazi se dva kilometra ju\u017eno od Postira. Ova oaza mira i ti\u0161ine nezaobilazna je postaja brojnih turista, a me\u0111u njima i ljubitelja pje\u0161a\u010denja i biciklizma jer se u Dol mo\u017ee do\u0107i ure\u0111enim putovima i stazama iz raznih smjerova. Ve\u0107 na samom ulazu bez daha ostavljaju ku\u0107e tradicionalno pokrivene kamenim plo\u010dama, kao i brojne \u0161pilje od zrnatog kamena hrapo\u0107u\u0161e koje su nekada bile ljudske nastambe, a danas skloni\u0161ta za stoku, spremnici za ogrjevna drva, stani\u0161te golubova, sova i vivera * .<br \/>\n<em>* Viver je mitsko bi\u0107e koje se, prema pri\u010dama stanovnika Dola, skriva u mjesnim \u0161piljama. Bi\u0107e je to koje mo\u017eete \"prona\u0107i\" jedino u Dolu, a ako imate sre\u0107e \u010dak \u010duti njegovo hukanje<\/em><br \/>\nPOVIJEST - Prvi put se u dokumentima spominje 1345. godine, no brojni va\u017eni arheolo\u0161ki spomenici svjedo\u010de o njegovom jo\u0161 ranijem postojanju. Crkvica sv. Mihovila datira s po\u010detka 10. stolje\u0107a, kao i ona sv. Barbare. Crkvica sv. Petra iz ll. stolje\u0107a \u010duva najstarije zvono na otoku Bra\u010du - iz 14. stolje\u0107a, dok je crkvica sv. Vida iz 13. stolje\u0107a. Do njih se mo\u017ee do\u0107i ure\u0111enim pje\u0161a\u010dkim stazama.<br \/>\n\u017dupna crkva O\u010di\u0161\u0107enja Bla\u017eene Djevice Marije gra\u0111ena je u periodu od 1862. do 1887. te \u010duva nekoliko vrijednih kri\u017eeva, oil kojih je najve\u0107i \"Dolski Isukrst\" koji predstavlja Isusovo tijelo u prirodnoj veli\u010dini. Veliku vrijednost predstavljaju i izvorni pu\u010dkiftapjevi koje i danas mo\u017eete \u010duti u izvedbi crkvenih pu\u010dkih pjeva\u010da koji itekako pridonose o\u010duvanju ove nematerijalne kulturne ba\u0161tine.<br \/>\nPosjetite Postira i Dol i u\u017eivajte u istinskim ljepotama malog dalmatinskog mjesta!<\/p>\n<\/div>\n<\/div><\/div><\/div><div id=\"panel-106-0-0-1\" class=\"so-panel widget widget_sow-image panel-last-child\" data-index=\"1\" ><div\n\t\t\t\n\t\t\tclass=\"so-widget-sow-image so-widget-sow-image-default-8b5b6f678277-106\"\n\t\t\t\n\t\t>\n<div class=\"sow-image-container\">\n\t\t<img \n\tsrc=\"https:\/\/o-broc.com\/hr\/wp-content\/uploads\/2021\/12\/Dol-1.jpg\" width=\"2028\" height=\"868\" sizes=\"(max-width: 2028px) 100vw, 2028px\" alt=\"\" \t\tclass=\"so-widget-image\"\/>\n\t<\/div>\n\n<\/div><\/div><\/div><\/div><\/div>","protected":false},"excerpt":{"rendered":"<p>Maleno mjesto Dol koje danas broji oko sto stanovnika nalazi se dva kilometra ju\u017eno od Postira. Ova oaza mira i ti\u0161ine nezaobilazna je postaja brojnih turista, a me\u0111u njima i ljubitelja pje\u0161a\u010denja i biciklizma jer se u Dol mo\u017ee do\u0107i ure\u0111enim putovima i stazama iz raznih smjerova. Ve\u0107 na samom ulazu bez daha ostavljaju ku\u0107e [&hellip;]<\/p>\n","protected":false},"author":2,"featured_media":0,"parent":95,"menu_order":0,"comment_status":"closed","ping_status":"closed","template":"","meta":{"footnotes":""},"class_list":["post-106","page","type-page","status-publish","hentry","post"],"_links":{"self":[{"href":"https:\/\/o-broc.com\/hr\/wp-json\/wp\/v2\/pages\/106","targetHints":{"allow":["GET"]}}],"collection":[{"href":"https:\/\/o-broc.com\/hr\/wp-json\/wp\/v2\/pages"}],"about":[{"href":"https:\/\/o-broc.com\/hr\/wp-json\/wp\/v2\/types\/page"}],"author":[{"embeddable":true,"href":"https:\/\/o-broc.com\/hr\/wp-json\/wp\/v2\/users\/2"}],"replies":[{"embeddable":true,"href":"https:\/\/o-broc.com\/hr\/wp-json\/wp\/v2\/comments?post=106"}],"version-history":[{"count":3,"href":"https:\/\/o-broc.com\/hr\/wp-json\/wp\/v2\/pages\/106\/revisions"}],"predecessor-version":[{"id":109,"href":"https:\/\/o-broc.com\/hr\/wp-json\/wp\/v2\/pages\/106\/revisions\/109"}],"up":[{"embeddable":true,"href":"https:\/\/o-broc.com\/hr\/wp-json\/wp\/v2\/pages\/95"}],"wp:attachment":[{"href":"https:\/\/o-broc.com\/hr\/wp-json\/wp\/v2\/media?parent=106"}],"curies":[{"name":"wp","href":"https:\/\/api.w.org\/{rel}","templated":true}]}}