{"id":15,"date":"2025-03-14T06:47:44","date_gmt":"2025-03-14T05:47:44","guid":{"rendered":"https:\/\/o-broc.com\/hr\/?page_id=15"},"modified":"2026-02-02T20:26:41","modified_gmt":"2026-02-02T19:26:41","slug":"pocetna","status":"publish","type":"page","link":"https:\/\/o-broc.com\/hr\/pocetna\/","title":{"rendered":"Po\u010detna"},"content":{"rendered":"<div id=\"pl-15\"  class=\"panel-layout\" ><div id=\"pg-15-0\"  class=\"panel-grid panel-no-style\" ><div id=\"pgc-15-0-0\"  class=\"panel-grid-cell\" ><div id=\"panel-15-0-0-0\" class=\"so-panel widget widget_sow-image panel-first-child panel-last-child\" data-index=\"0\" ><div\n\t\t\t\n\t\t\tclass=\"so-widget-sow-image so-widget-sow-image-default-8b5b6f678277-15\"\n\t\t\t\n\t\t>\n<div class=\"sow-image-container\">\n\t\t<img \n\tsrc=\"https:\/\/o-broc.com\/hr\/wp-content\/uploads\/2025\/12\/IMG_6362.jpg\" width=\"1024\" height=\"768\" sizes=\"(max-width: 1024px) 100vw, 1024px\" alt=\"\" \t\tclass=\"so-widget-image\"\/>\n\t<\/div>\n\n<\/div><\/div><\/div><div id=\"pgc-15-0-1\"  class=\"panel-grid-cell\" ><div id=\"panel-15-0-1-0\" class=\"so-panel widget widget_sow-editor panel-first-child panel-last-child\" data-index=\"1\" ><div\n\t\t\t\n\t\t\tclass=\"so-widget-sow-editor so-widget-sow-editor-base\"\n\t\t\t\n\t\t>\n<div class=\"siteorigin-widget-tinymce textwidget\">\n\t<h2><span style=\"color: #808080;\">BrO\u010c<\/span><\/h2>\n<p>Otvoreno prvenstvo Bra\u010da,<\/p>\n<p>od 29. do 31. svibnja 2026.<\/p>\n<\/div>\n<\/div><\/div><\/div><\/div><div id=\"pg-15-1\"  class=\"panel-grid panel-no-style\" ><div id=\"pgc-15-1-0\"  class=\"panel-grid-cell\" ><div id=\"panel-15-1-0-0\" class=\"so-panel widget widget_sow-editor panel-first-child panel-last-child\" data-index=\"2\" ><div\n\t\t\t\n\t\t\tclass=\"so-widget-sow-editor so-widget-sow-editor-base\"\n\t\t\t\n\t\t>\n<div class=\"siteorigin-widget-tinymce textwidget\">\n\t<h1><\/h1>\n<h1>OK Maksimir poziva vas na orijentacijsko natjecanje<\/h1>\n<h2>9.OTVORENO PRVENSTVO BRA\u010cA<\/h2>\n<p>&nbsp;<\/p>\n<\/div>\n<\/div><\/div><\/div><\/div><div id=\"pg-15-2\"  class=\"panel-grid panel-no-style\" ><div id=\"pgc-15-2-0\"  class=\"panel-grid-cell\" ><div id=\"panel-15-2-0-0\" class=\"so-panel widget widget_sow-image panel-first-child panel-last-child\" data-index=\"3\" ><div\n\t\t\t\n\t\t\tclass=\"so-widget-sow-image so-widget-sow-image-default-8b5b6f678277-15\"\n\t\t\t\n\t\t>\n<div class=\"sow-image-container\">\n\t\t<img \n\tsrc=\"https:\/\/o-broc.com\/hr\/wp-content\/uploads\/2021\/12\/BrOc_OK-Maksimir_112350.jpg\" width=\"1701\" height=\"1272\" sizes=\"(max-width: 1701px) 100vw, 1701px\" alt=\"\" \t\tclass=\"so-widget-image\"\/>\n\t<\/div>\n\n<\/div><\/div><\/div><div id=\"pgc-15-2-1\"  class=\"panel-grid-cell\" ><div id=\"panel-15-2-1-0\" class=\"so-panel widget widget_sow-editor panel-first-child panel-last-child\" data-index=\"4\" ><div\n\t\t\t\n\t\t\tclass=\"so-widget-sow-editor so-widget-sow-editor-base\"\n\t\t\t\n\t\t>\n<div class=\"siteorigin-widget-tinymce textwidget\">\n\t<p>Otklju\u010dajte svoje orijentacijsko iskustvo.<\/p>\n<\/div>\n<\/div><\/div><\/div><\/div><div id=\"pg-15-3\"  class=\"panel-grid panel-no-style\" ><div id=\"pgc-15-3-0\"  class=\"panel-grid-cell\" ><div id=\"panel-15-3-0-0\" class=\"so-panel widget widget_headline-widget panel-first-child panel-last-child\" data-index=\"5\" >\t\t<h1><\/h1>\n\t\t<div class=\"decoration\"><div class=\"decoration-inside\"><\/div><\/div>\n\t\t<h3><\/h3>\n\t\t<\/div><\/div><\/div><div id=\"pg-15-4\"  class=\"panel-grid panel-no-style\" ><div id=\"pgc-15-4-0\"  class=\"panel-grid-cell\" ><div id=\"panel-15-4-0-0\" class=\"so-panel widget widget_siteorigin-panels-postloop panel-first-child panel-last-child\" data-index=\"6\" >\n\n\t\t\n\t\t\n<article id=\"post-257\" class=\"post-257 post type-post status-publish format-standard hentry category-nekategorizirano\">\n\n\t\n\t<div class=\"entry-main\">\n\n\t\t\n\t\t<header class=\"entry-header\">\n\t\t\t\n\t\t\t<h1 class=\"entry-title\"><a href=\"https:\/\/o-broc.com\/hr\/2026\/04\/14\/257\/\" title=\"Permalink to \" rel=\"bookmark\"><\/a><\/h1>\n\n\t\t\t\n\t\t<\/header><!-- .entry-header -->\n\n\t\t\t\t\t<div class=\"entry-content\">\n\t\t\t\t<div id=\"pl-257\"  class=\"panel-layout\" ><div id=\"pg-257-0\"  class=\"panel-grid panel-no-style\" ><div id=\"pgc-257-0-0\"  class=\"panel-grid-cell\" ><div id=\"panel-257-0-0-0\" class=\"so-panel widget widget_sow-editor panel-first-child panel-last-child\" data-index=\"0\" ><div\n\t\t\t\n\t\t\tclass=\"so-widget-sow-editor so-widget-sow-editor-base\"\n\t\t\t\n\t\t>\n<div class=\"siteorigin-widget-tinymce textwidget\">\n\t<h5><span style=\"color: #ff9900;\">14.04.2026.<\/span><\/h5>\n<p>Imamo dobre vijesti za na\u0161e sudionike u vezi trajekta. Svi sudionici (trka\u010di, prijatelji i \u010dlanovi obitelji) BrOC-a 2026 imat \u0107e 30% popusta na trajekt za otok Bra\u010d tijekom natjecanja - od 28. do 31. svibnja. Kod za popust bit \u0107e objavljen u biltenu prije doga\u0111aja. Vidimo se na BrOC-u.<\/p>\n<\/div>\n<\/div><\/div><\/div><div id=\"pgc-257-0-1\"  class=\"panel-grid-cell\" ><div id=\"panel-257-0-1-0\" class=\"so-panel widget widget_sow-image panel-first-child panel-last-child\" data-index=\"1\" ><div\n\t\t\t\n\t\t\tclass=\"so-widget-sow-image so-widget-sow-image-default-8b5b6f678277-257\"\n\t\t\t\n\t\t>\n<div class=\"sow-image-container\">\n\t\t<img \n\tsrc=\"https:\/\/o-broc.com\/hr\/wp-content\/uploads\/2026\/04\/IMG_3851.jpg\" width=\"1772\" height=\"1329\" sizes=\"(max-width: 1772px) 100vw, 1772px\" alt=\"\" \t\tclass=\"so-widget-image\"\/>\n\t<\/div>\n\n<\/div><\/div><\/div><\/div><\/div>\t\t\t\t\t\t\t\t\t\t\t\t\t\t\t<\/div><!-- .entry-content -->\n\t\t\n\t\t\n\t<\/div>\n\n<\/article><!-- #post-257 -->\n\n\t\n\t\t\n<article id=\"post-253\" class=\"post-253 post type-post status-publish format-standard hentry category-nekategorizirano\">\n\n\t\n\t<div class=\"entry-main\">\n\n\t\t\n\t\t<header class=\"entry-header\">\n\t\t\t\n\t\t\t<h1 class=\"entry-title\"><a href=\"https:\/\/o-broc.com\/hr\/2026\/03\/01\/253\/\" title=\"Permalink to \" rel=\"bookmark\"><\/a><\/h1>\n\n\t\t\t\n\t\t<\/header><!-- .entry-header -->\n\n\t\t\t\t\t<div class=\"entry-content\">\n\t\t\t\t<div id=\"pl-253\"  class=\"panel-layout\" ><div id=\"pg-253-0\"  class=\"panel-grid panel-no-style\" ><div id=\"pgc-253-0-0\"  class=\"panel-grid-cell\" ><div id=\"panel-253-0-0-0\" class=\"so-panel widget widget_sow-editor panel-first-child panel-last-child\" data-index=\"0\" ><div\n\t\t\t\n\t\t\tclass=\"so-widget-sow-editor so-widget-sow-editor-base\"\n\t\t\t\n\t\t>\n<div class=\"siteorigin-widget-tinymce textwidget\">\n\t<h5><span style=\"color: #ff9900;\">01.03.2026.<\/span><\/h5>\n<p id=\"tw-target-text\" class=\"tw-data-text tw-text-large tw-ta\" dir=\"ltr\" tabindex=\"-1\" role=\"text\" data-placeholder=\"Translation\" data-ved=\"2ahUKEwjlpZXo1f-SAxXtHxAIHVwKN7MQ3ewLegQIBBAW\" aria-label=\"Translated text: Na\u0161 prvi posjet Supetru ove godine bio je za vrijeme karnevala. Vrlo lijep i sun\u010dan dan nakon mnogih mra\u010dnih dana u Zagrebu.\"><span class=\"Y2IQFc\" lang=\"hr\">Na\u0161 prvi posjet Supetru ove godine bio je za vrijeme karnevala. Vrlo lijep i sun\u010dan dan nakon mnogih mra\u010dnih dana u Zagrebu.<\/span><\/p>\n<p><a href=\"https:\/\/web.facebook.com\/share\/r\/1GHVXVA3ss\/\" target=\"_blank\" rel=\"noopener\">https:\/\/web.facebook.com\/share\/r\/1GHVXVA3ss\/<\/a><\/p>\n<\/div>\n<\/div><\/div><\/div><div id=\"pgc-253-0-1\"  class=\"panel-grid-cell\" ><div id=\"panel-253-0-1-0\" class=\"so-panel widget widget_sow-image panel-first-child panel-last-child\" data-index=\"1\" ><div\n\t\t\t\n\t\t\tclass=\"so-widget-sow-image so-widget-sow-image-default-8b5b6f678277-253\"\n\t\t\t\n\t\t>\n<div class=\"sow-image-container\">\n\t\t<img \n\tsrc=\"https:\/\/o-broc.com\/hr\/wp-content\/uploads\/2026\/03\/WhatsApp-Image-2026-03-01-at-22.13.56.jpeg\" width=\"1200\" height=\"1600\" sizes=\"(max-width: 1200px) 100vw, 1200px\" alt=\"\" \t\tclass=\"so-widget-image\"\/>\n\t<\/div>\n\n<\/div><\/div><\/div><\/div><div id=\"pg-253-1\"  class=\"panel-grid panel-no-style\" ><div id=\"pgc-253-1-0\"  class=\"panel-grid-cell panel-grid-cell-empty\" ><\/div><div id=\"pgc-253-1-1\"  class=\"panel-grid-cell\" ><div id=\"panel-253-1-1-0\" class=\"so-panel widget widget_sow-image panel-first-child panel-last-child\" data-index=\"2\" ><div\n\t\t\t\n\t\t\tclass=\"so-widget-sow-image so-widget-sow-image-default-8b5b6f678277-253\"\n\t\t\t\n\t\t>\n<div class=\"sow-image-container\">\n\t\t<img \n\tsrc=\"https:\/\/o-broc.com\/hr\/wp-content\/uploads\/2026\/03\/WhatsApp-Image-2026-03-01-at-22.14.46.jpeg\" width=\"1600\" height=\"1200\" sizes=\"(max-width: 1600px) 100vw, 1600px\" alt=\"\" \t\tclass=\"so-widget-image\"\/>\n\t<\/div>\n\n<\/div><\/div><\/div><\/div><\/div>\t\t\t\t\t\t\t\t\t\t\t\t\t\t\t<\/div><!-- .entry-content -->\n\t\t\n\t\t\n\t<\/div>\n\n<\/article><!-- #post-253 -->\n\n\t\n\t\t\n<article id=\"post-215\" class=\"post-215 post type-post status-publish format-standard hentry category-nekategorizirano\">\n\n\t\n\t<div class=\"entry-main\">\n\n\t\t\n\t\t<header class=\"entry-header\">\n\t\t\t\n\t\t\t<h1 class=\"entry-title\"><a href=\"https:\/\/o-broc.com\/hr\/2026\/01\/28\/215\/\" title=\"Permalink to \" rel=\"bookmark\"><\/a><\/h1>\n\n\t\t\t\n\t\t<\/header><!-- .entry-header -->\n\n\t\t\t\t\t<div class=\"entry-content\">\n\t\t\t\t<div id=\"pl-215\"  class=\"panel-layout\" ><div id=\"pg-215-0\"  class=\"panel-grid panel-no-style\" ><div id=\"pgc-215-0-0\"  class=\"panel-grid-cell\" ><div id=\"panel-215-0-0-0\" class=\"so-panel widget widget_sow-editor panel-first-child panel-last-child\" data-index=\"0\" ><div\n\t\t\t\n\t\t\tclass=\"so-widget-sow-editor so-widget-sow-editor-base\"\n\t\t\t\n\t\t>\n<div class=\"siteorigin-widget-tinymce textwidget\">\n\t<h5><span style=\"color: #ff9900;\">23.12.2025.<\/span><\/h5>\n<p>Dragi BrOC prijatelji,<br \/>\nImamo stvarno uzbudljive i hitne vijesti:<br \/>\nVa\u0161a omiljena  O avantura na  dalmatisnkim otocima  mijenja  godi\u0161nje doba!<br \/>\nNakon \u0161to smo iskusili obilje jeseni (i svakakve vremenske uvjete), ove \u0107emo godine udisati slatke mirise PROLJE\u0106A.<br \/>\nNatjecanje \u0107e se odr\u017eati od 29. do 31. SVIBNJA 2026!<br \/>\nTrke po\u010dinju u petak popodne (za one nestrpljive \u010dak i \u010detvrtak uve\u010der) do nedjelje ujutro. Ali s obzirom da bi bilo \u0161eta ne ostati  jo\u0161 koji dan (ili bolje tjedan), po\u010dnite planirati. Ali \u010dekajte!  Ima jo\u0161 izena\u0111enja:<br \/>\nNakon  8 godina  istra\u017eivanja svakog  kutka i \u0161krape  Postira,  gdje su nam odli\u010dni doma\u010dini bili Turisti\u010dka zajednica s Ivanom na \u010delu, centar  BrOC natjecanja se seli u jedini grad na otoku  SUPETAR. S povje\u0161\u0107u koja se prote\u017ee  stolje\u0107ima, ali i prosperitetnom suvremene\u0161\u0107u, otrkit \u0107ete za\u0161to su njegove  zavojite ulice, luka i pla\u017ee kristalnog mora bile i ostale inspiracija tolikim umjetnicima: pjesnicima, slikarima, kiparima, pjeva\u010dima. A  sreste \u0107ete i sjajne ljude. Martina i Turisti\u010dka zajednica grada Supetra nas pozivaju da otklju\u010damo do\u017eivljaj. Ve\u0107 planiraju srda\u010dnu dobrodo\u0161licu i zabavu. A kao \u0161to znate, mi smo ludi za zabavom pa ovdje opet mo\u017eete o\u010dekivati lude i nezaboravne, vesele ali zahtjevne, nove formate trka.<br \/>\nOstale \u0107e biti tradicionalne: ra\u010dunajte na kratku trku po  zaku\u010dastim ulicama i prolazima u Dolu, srednje staze u magi\u010dnoj \u0161umi na Vidovoj Gori (najvi\u0161i VRH  otoka s  predivnim pogledima) i na kraju, s obzirom da je 30.5. Dan dr\u017eavnosti, posljednjeg  dana Prvenstvo Hrvatske u sprintu. Dakle \u010dekaju nas neke nove,  neke pro\u0161irene, neke \u010darobne karte\u2026<br \/>\nObavijestite  svoju  o-zajednicu o novim terminima i partite  obavjesti za detalje. Vidimo se na Bra\u010du u svibnju 2026!<br \/>\nUzmite u obzir nove datume kad planirate - vrijedi spomenuti da dan po\u010dinje odmah iza 5 ujutro i traje do pola devet uve\u010der, od toga se 8sati o\u010dekuje sunce pa su temperture od minimalnih 15 do makismalinh 26 st. C, a i more \u0107e vjerojatno biti oko  20 stupnjeva. Idealno vrijeme za orijentiranje i \u0161to god drugo mo\u017eete  zamisliti.<\/p>\n<\/div>\n<\/div><\/div><\/div><div id=\"pgc-215-0-1\"  class=\"panel-grid-cell\" ><div id=\"panel-215-0-1-0\" class=\"so-panel widget widget_sow-image panel-first-child panel-last-child\" data-index=\"1\" ><div\n\t\t\t\n\t\t\tclass=\"so-widget-sow-image so-widget-sow-image-default-8b5b6f678277-215\"\n\t\t\t\n\t\t>\n<div class=\"sow-image-container\">\n\t\t<img \n\tsrc=\"https:\/\/o-broc.com\/hr\/wp-content\/uploads\/2025\/12\/IMG_6518.jpg\" width=\"1024\" height=\"768\" sizes=\"(max-width: 1024px) 100vw, 1024px\" alt=\"\" \t\tclass=\"so-widget-image\"\/>\n\t<\/div>\n\n<\/div><\/div><\/div><\/div><\/div>\t\t\t\t\t\t\t\t\t\t\t\t\t\t\t<\/div><!-- .entry-content -->\n\t\t\n\t\t\n\t<\/div>\n\n<\/article><!-- #post-215 -->\n\n\t\n\t\t\n<article id=\"post-194\" class=\"post-194 post type-post status-publish format-standard hentry category-nekategorizirano\">\n\n\t\n\t<div class=\"entry-main\">\n\n\t\t\n\t\t<header class=\"entry-header\">\n\t\t\t\n\t\t\t<h1 class=\"entry-title\"><a href=\"https:\/\/o-broc.com\/hr\/2025\/09\/19\/194\/\" title=\"Permalink to \" rel=\"bookmark\"><\/a><\/h1>\n\n\t\t\t\n\t\t<\/header><!-- .entry-header -->\n\n\t\t\t\t\t<div class=\"entry-content\">\n\t\t\t\t<div id=\"pl-194\"  class=\"panel-layout\" ><div id=\"pg-194-0\"  class=\"panel-grid panel-no-style\" ><div id=\"pgc-194-0-0\"  class=\"panel-grid-cell\" ><div id=\"panel-194-0-0-0\" class=\"so-panel widget widget_sow-editor panel-first-child panel-last-child\" data-index=\"0\" ><div\n\t\t\t\n\t\t\tclass=\"so-widget-sow-editor so-widget-sow-editor-base\"\n\t\t\t\n\t\t>\n<div class=\"siteorigin-widget-tinymce textwidget\">\n\t<h5><span style=\"color: #ff9900;\">19.09.2025.<\/span><\/h5>\n<p>Bilten mo\u017eete pogledati na ovom <a href=\"http:\/\/o-broc.com\/wp-content\/uploads\/2025\/09\/BrOC-bilten-2025_HR.pdf\" target=\"_blank\" rel=\"noopener\">linku<\/a><\/p>\n<\/div>\n<\/div><\/div><\/div><div id=\"pgc-194-0-1\"  class=\"panel-grid-cell\" ><div id=\"panel-194-0-1-0\" class=\"so-panel widget widget_sow-image panel-first-child panel-last-child\" data-index=\"1\" ><div\n\t\t\t\n\t\t\tclass=\"so-widget-sow-image so-widget-sow-image-default-8b5b6f678277-194\"\n\t\t\t\n\t\t>\n<div class=\"sow-image-container\">\n\t\t<img \n\tsrc=\"https:\/\/o-broc.com\/hr\/wp-content\/uploads\/2025\/09\/Bilten-2025_ENG-HRV.jpg\" width=\"2468\" height=\"1602\" sizes=\"(max-width: 2468px) 100vw, 2468px\" alt=\"\" \t\tclass=\"so-widget-image\"\/>\n\t<\/div>\n\n<\/div><\/div><\/div><\/div><\/div>\t\t\t\t\t\t\t\t\t\t\t\t\t\t\t<\/div><!-- .entry-content -->\n\t\t\n\t\t\n\t<\/div>\n\n<\/article><!-- #post-194 -->\n\n\t\n\t\t\n<article id=\"post-184\" class=\"post-184 post type-post status-publish format-standard hentry category-nekategorizirano\">\n\n\t\n\t<div class=\"entry-main\">\n\n\t\t\n\t\t<header class=\"entry-header\">\n\t\t\t\n\t\t\t<h1 class=\"entry-title\"><a href=\"https:\/\/o-broc.com\/hr\/2025\/06\/07\/184\/\" title=\"Permalink to \" rel=\"bookmark\"><\/a><\/h1>\n\n\t\t\t\n\t\t<\/header><!-- .entry-header -->\n\n\t\t\t\t\t<div class=\"entry-content\">\n\t\t\t\t<div id=\"pl-184\"  class=\"panel-layout\" ><div id=\"pg-184-0\"  class=\"panel-grid panel-no-style\" ><div id=\"pgc-184-0-0\"  class=\"panel-grid-cell\" ><div id=\"panel-184-0-0-0\" class=\"so-panel widget widget_sow-editor panel-first-child panel-last-child\" data-index=\"0\" ><div\n\t\t\t\n\t\t\tclass=\"so-widget-sow-editor so-widget-sow-editor-base\"\n\t\t\t\n\t\t>\n<div class=\"siteorigin-widget-tinymce textwidget\">\n\t<h5><span style=\"color: #ff9900;\">07.06.2025.<\/span><\/h5>\n<p>Otr\u010dite 8. BrOC sa stilom u posebnom O-Topu izra\u0111enom za na\u0161u dvostruku okruglu obljetnicu.<br \/>\nLijep dizajn i funkcionalni dres bit \u0107e prekrasan suvenir s ovog divnog natjecanja. Ne propustite!<\/p>\n<p>Cijena je 40 \u20ac. Odaberite pravu veli\u010dinu.<br \/>\nVeli\u010dine od 122-136-144-152-164-XS-S-M-L-XL-XXL-XXXL<br \/>\n<a href=\"https:\/\/www.olandsport.com\/size-chart\" target=\"_blank\" rel=\"noopener\">size-chart<\/a><\/p>\n<p>Informacije i narud\u017ebe na <a href=\"mailto:fabcini@yahoo.com\">fabcini@yahoo.com<\/a>, narud\u017eba je potvr\u0111ena va\u0161om uplatom na:<\/p>\n<p>OK Maksimir, \u0160rap\u010deva 12, 10000 Zagreb, Hrvatska do 25.08.2025. Iza ovog datuma narud\u017ebe ne primamo.<br \/>\nBanka: RBA<\/p>\n<p>IBAN: HR1924840081135046768<br \/>\nSWIFT: RZBHHR2XXXX<\/p>\n<p>&nbsp;<\/p>\n<\/div>\n<\/div><\/div><\/div><div id=\"pgc-184-0-1\"  class=\"panel-grid-cell\" ><div id=\"panel-184-0-1-0\" class=\"so-panel widget widget_sow-image panel-first-child panel-last-child\" data-index=\"1\" ><div\n\t\t\t\n\t\t\tclass=\"so-widget-sow-image so-widget-sow-image-default-8b5b6f678277-184\"\n\t\t\t\n\t\t>\n<div class=\"sow-image-container\">\n\t\t<img \n\tsrc=\"https:\/\/o-broc.com\/hr\/wp-content\/uploads\/2025\/06\/O-Top-za-facebook-scaled.jpg\" width=\"2560\" height=\"1440\" sizes=\"(max-width: 2560px) 100vw, 2560px\" alt=\"\" \t\tclass=\"so-widget-image\"\/>\n\t<\/div>\n\n<\/div><\/div><\/div><\/div><\/div>\t\t\t\t\t\t\t\t\t\t\t\t\t\t\t<\/div><!-- .entry-content -->\n\t\t\n\t\t\n\t<\/div>\n\n<\/article><!-- #post-184 -->\n\n\t\n\t\t\n<article id=\"post-47\" class=\"post-47 post type-post status-publish format-standard hentry category-nekategorizirano\">\n\n\t\n\t<div class=\"entry-main\">\n\n\t\t\n\t\t<header class=\"entry-header\">\n\t\t\t\n\t\t\t<h1 class=\"entry-title\"><a href=\"https:\/\/o-broc.com\/hr\/2025\/03\/02\/47\/\" title=\"Permalink to \" rel=\"bookmark\"><\/a><\/h1>\n\n\t\t\t\n\t\t<\/header><!-- .entry-header -->\n\n\t\t\t\t\t<div class=\"entry-content\">\n\t\t\t\t<div id=\"pl-47\"  class=\"panel-layout\" ><div id=\"pg-47-0\"  class=\"panel-grid panel-no-style\" ><div id=\"pgc-47-0-0\"  class=\"panel-grid-cell\" ><div id=\"panel-47-0-0-0\" class=\"so-panel widget widget_sow-editor panel-first-child panel-last-child\" data-index=\"0\" ><div\n\t\t\t\n\t\t\tclass=\"so-widget-sow-editor so-widget-sow-editor-base\"\n\t\t\t\n\t\t>\n<div class=\"siteorigin-widget-tinymce textwidget\">\n\t<h5><span style=\"color: #ff9900;\">12.03.2025.<\/span><\/h5>\n<p>Prijave su otvorene: <a href=\"http:\/\/www.orienteeringonline.net\/CompetitionBasicInfo.aspx?CompetitionID=13658\" target=\"_blank\" rel=\"noopener\">orienteeringonline.net<\/a><br \/>Pogledajte na\u0161 novi letak: <a href=\"http:\/\/o-broc.com\/wp-content\/uploads\/2025\/03\/BrOC-Flyer-25_v2.pdf\" target=\"_blank\" rel=\"noopener\">link<\/a><\/p>\n<\/div>\n<\/div><\/div><\/div><div id=\"pgc-47-0-1\"  class=\"panel-grid-cell\" ><div id=\"panel-47-0-1-0\" class=\"so-panel widget widget_sow-image panel-first-child panel-last-child\" data-index=\"1\" ><div\n\t\t\t\n\t\t\tclass=\"so-widget-sow-image so-widget-sow-image-default-8b5b6f678277-47\"\n\t\t\t\n\t\t>\n<div class=\"sow-image-container\">\n\t\t<img \n\tsrc=\"https:\/\/o-broc.com\/hr\/wp-content\/uploads\/2025\/03\/Flyer_2025-scaled.jpg\" width=\"2560\" height=\"1920\" sizes=\"(max-width: 2560px) 100vw, 2560px\" alt=\"\" \t\tclass=\"so-widget-image\"\/>\n\t<\/div>\n\n<\/div><\/div><\/div><\/div><\/div>\t\t\t\t\t\t\t\t\t\t\t\t\t\t\t<\/div><!-- .entry-content -->\n\t\t\n\t\t\n\t<\/div>\n\n<\/article><!-- #post-47 -->\n\n\t\n\t\n<\/div><\/div><div id=\"pgc-15-4-1\"  class=\"panel-grid-cell\" ><div id=\"panel-15-4-1-0\" class=\"so-panel widget widget_sow-editor panel-first-child\" data-index=\"7\" ><div\n\t\t\t\n\t\t\tclass=\"so-widget-sow-editor so-widget-sow-editor-base\"\n\t\t\t\n\t\t>\n<div class=\"siteorigin-widget-tinymce textwidget\">\n\t<p><span style=\"color: #ff9900;\">ORGANIZATOR<\/span><\/p>\n<\/div>\n<\/div><\/div><div id=\"panel-15-4-1-1\" class=\"so-panel widget widget_sow-image\" data-index=\"8\" ><div\n\t\t\t\n\t\t\tclass=\"so-widget-sow-image so-widget-sow-image-default-8b5b6f678277-47\"\n\t\t\t\n\t\t>\n<div class=\"sow-image-container\">\n\t\t<img \n\tsrc=\"https:\/\/o-broc.com\/hr\/wp-content\/uploads\/2019\/05\/Maksimir-logo1-za-web.jpg\" width=\"170\" height=\"170\" sizes=\"(max-width: 170px) 100vw, 170px\" title=\"Poziv\" alt=\"\" \t\tclass=\"so-widget-image\"\/>\n\t<\/div>\n\n<\/div><\/div><div id=\"panel-15-4-1-2\" class=\"so-panel widget widget_sow-editor\" data-index=\"9\" ><div class=\"panel-widget-style panel-widget-style-for-15-4-1-2\" ><div\n\t\t\t\n\t\t\tclass=\"so-widget-sow-editor so-widget-sow-editor-base\"\n\t\t\t\n\t\t>\n<div class=\"siteorigin-widget-tinymce textwidget\">\n\t<p><span style=\"color: #ff9900;\">SPONZOR<\/span><\/p>\n<\/div>\n<\/div><\/div><\/div><div id=\"panel-15-4-1-3\" class=\"so-panel widget widget_sow-image panel-last-child\" data-index=\"10\" ><div\n\t\t\t\n\t\t\tclass=\"so-widget-sow-image so-widget-sow-image-default-8b5b6f678277-47\"\n\t\t\t\n\t\t>\n<div class=\"sow-image-container\">\n\t\t\t<a href=\"https:\/\/supetar.hr\/hr\/\"\n\t\t\t\t\t>\n\t\t\t<img \n\tsrc=\"https:\/\/o-broc.com\/hr\/wp-content\/uploads\/2025\/12\/supetar-logo.jpg\" width=\"543\" height=\"361\" sizes=\"(max-width: 543px) 100vw, 543px\" alt=\"\" \t\tclass=\"so-widget-image\"\/>\n\t\t\t<\/a><\/div>\n\n<\/div><\/div><\/div><\/div><\/div>","protected":false},"excerpt":{"rendered":"<p>BrO\u010c Otvoreno prvenstvo Bra\u010da, od 29. do 31. svibnja 2026. OK Maksimir poziva vas na orijentacijsko natjecanje 9.OTVORENO PRVENSTVO BRA\u010cA &nbsp;<\/p>\n","protected":false},"author":2,"featured_media":0,"parent":0,"menu_order":0,"comment_status":"closed","ping_status":"closed","template":"home-panels.php","meta":{"footnotes":""},"class_list":["post-15","page","type-page","status-publish","hentry","post"],"_links":{"self":[{"href":"https:\/\/o-broc.com\/hr\/wp-json\/wp\/v2\/pages\/15","targetHints":{"allow":["GET"]}}],"collection":[{"href":"https:\/\/o-broc.com\/hr\/wp-json\/wp\/v2\/pages"}],"about":[{"href":"https:\/\/o-broc.com\/hr\/wp-json\/wp\/v2\/types\/page"}],"author":[{"embeddable":true,"href":"https:\/\/o-broc.com\/hr\/wp-json\/wp\/v2\/users\/2"}],"replies":[{"embeddable":true,"href":"https:\/\/o-broc.com\/hr\/wp-json\/wp\/v2\/comments?post=15"}],"version-history":[{"count":20,"href":"https:\/\/o-broc.com\/hr\/wp-json\/wp\/v2\/pages\/15\/revisions"}],"predecessor-version":[{"id":233,"href":"https:\/\/o-broc.com\/hr\/wp-json\/wp\/v2\/pages\/15\/revisions\/233"}],"wp:attachment":[{"href":"https:\/\/o-broc.com\/hr\/wp-json\/wp\/v2\/media?parent=15"}],"curies":[{"name":"wp","href":"https:\/\/api.w.org\/{rel}","templated":true}]}}