{"id":179,"date":"2025-03-29T11:45:28","date_gmt":"2025-03-29T10:45:28","guid":{"rendered":"https:\/\/o-broc.com\/hr\/?page_id=179"},"modified":"2025-03-29T11:47:41","modified_gmt":"2025-03-29T10:47:41","slug":"host-ost","status":"publish","type":"page","link":"https:\/\/o-broc.com\/hr\/host-ost\/","title":{"rendered":"H\u00f6st \u00d6st"},"content":{"rendered":"<div id=\"pl-179\"  class=\"panel-layout\" ><div id=\"pg-179-0\"  class=\"panel-grid panel-no-style\" ><div id=\"pgc-179-0-0\"  class=\"panel-grid-cell\" ><div id=\"panel-179-0-0-0\" class=\"so-panel widget widget_sow-image panel-first-child panel-last-child\" data-index=\"0\" ><div\n\t\t\t\n\t\t\tclass=\"so-widget-sow-image so-widget-sow-image-default-8b5b6f678277-179\"\n\t\t\t\n\t\t>\n<div class=\"sow-image-container\">\n\t\t<img \n\tsrc=\"https:\/\/o-broc.com\/hr\/wp-content\/uploads\/2019\/11\/WWOP_web.jpg\" width=\"2880\" height=\"1523\" sizes=\"(max-width: 2880px) 100vw, 2880px\" alt=\"\" \t\tclass=\"so-widget-image\"\/>\n\t<\/div>\n\n<\/div><\/div><\/div><div id=\"pgc-179-0-1\"  class=\"panel-grid-cell\" ><div id=\"panel-179-0-1-0\" class=\"so-panel widget widget_sow-editor panel-first-child panel-last-child\" data-index=\"1\" ><div\n\t\t\t\n\t\t\tclass=\"so-widget-sow-editor so-widget-sow-editor-base\"\n\t\t\t\n\t\t>\n<div class=\"siteorigin-widget-tinymce textwidget\">\n\t<p>Otok Bra\u010d ponovno je bio doma\u0107in orijentacistima. U srijedu, 6. studenoga, mala \u010detvero\u010dlana ekipa iz OK Maksimir (Zagreb) organizirala je dvije utrke u sklopu WWOP H\u00f6st \u00d6st Tour koji je vodio Peo Bengtsson.<br \/>\n90 orijentacista iz Danske, Finske, Norve\u0161ke, \u0160vedske i \u0160vicarske, od 12 do 88 godina, natjecalo se u 4 kategorije.<br \/>\nStaze je postavio Tomislav Kani\u0161ki. Orijentacija kroz borove \u0161ume i pa\u0161njaka odr\u017eana je na karti Orlovice u blizini starog pastirskog sela Ga\u017eul, gdje su obrok i rakija od roga\u010da osvje\u017eili trka\u010de. Izazov urbanog orijentiranja pripremljen je u ribarskom selu Postira s posljednjim kontrolama uz obalu \u0161to je mnoge trka\u010de potaknulo na sada ve\u0107 tradicionalno postorientacijsko plivanje.<br \/>\nNakon \u0161to su u svakoj kategoriji najbr\u017eima uru\u010dene medalje od poznatog bijelog bra\u010dkog kamena, vrlo zadovoljna i vesela skupina orijentacista otplovila je s otoka.<\/p>\n<\/div>\n<\/div><\/div><\/div><\/div><div id=\"pg-179-1\"  class=\"panel-grid panel-no-style\" ><div id=\"pgc-179-1-0\"  class=\"panel-grid-cell\" ><div id=\"panel-179-1-0-0\" class=\"so-panel widget widget_sow-editor panel-first-child panel-last-child\" data-index=\"2\" ><div\n\t\t\t\n\t\t\tclass=\"so-widget-sow-editor so-widget-sow-editor-base\"\n\t\t\t\n\t\t>\n<div class=\"siteorigin-widget-tinymce textwidget\">\n\t<p>BrO\u010c-Host Ost 2019 <a href=\"http:\/\/www.orienteeringonline.net\/Results.aspx?CompetitionID=4665\" target=\"_blank\" rel=\"noopener noreferrer\">Rezultati<\/a> , Routes <a href=\"https:\/\/www.livelox.com\/Events\/Show\/43248\/Host-Ost-Split-medeldistans-Orlovice\" target=\"_blank\" rel=\"noopener noreferrer\">Middle<\/a> <a href=\"https:\/\/www.livelox.com\/Events\/Show\/43249\/Host-Ost-Split-sprint-Postira\" target=\"_blank\" rel=\"noopener noreferrer\">Sprint <\/a>and <a href=\"https:\/\/www.facebook.com\/media\/set\/?set=a.462332857729237&amp;type=3\" target=\"_blank\" rel=\"noopener\">foto<\/a><\/p>\n<\/div>\n<\/div><\/div><\/div><\/div><\/div>","protected":false},"excerpt":{"rendered":"<p>Otok Bra\u010d ponovno je bio doma\u0107in orijentacistima. U srijedu, 6. studenoga, mala \u010detvero\u010dlana ekipa iz OK Maksimir (Zagreb) organizirala je dvije utrke u sklopu WWOP H\u00f6st \u00d6st Tour koji je vodio Peo Bengtsson. 90 orijentacista iz Danske, Finske, Norve\u0161ke, \u0160vedske i \u0160vicarske, od 12 do 88 godina, natjecalo se u 4 kategorije. Staze je postavio [&hellip;]<\/p>\n","protected":false},"author":2,"featured_media":0,"parent":0,"menu_order":0,"comment_status":"closed","ping_status":"closed","template":"","meta":{"footnotes":""},"class_list":["post-179","page","type-page","status-publish","hentry","post"],"_links":{"self":[{"href":"https:\/\/o-broc.com\/hr\/wp-json\/wp\/v2\/pages\/179","targetHints":{"allow":["GET"]}}],"collection":[{"href":"https:\/\/o-broc.com\/hr\/wp-json\/wp\/v2\/pages"}],"about":[{"href":"https:\/\/o-broc.com\/hr\/wp-json\/wp\/v2\/types\/page"}],"author":[{"embeddable":true,"href":"https:\/\/o-broc.com\/hr\/wp-json\/wp\/v2\/users\/2"}],"replies":[{"embeddable":true,"href":"https:\/\/o-broc.com\/hr\/wp-json\/wp\/v2\/comments?post=179"}],"version-history":[{"count":2,"href":"https:\/\/o-broc.com\/hr\/wp-json\/wp\/v2\/pages\/179\/revisions"}],"predecessor-version":[{"id":182,"href":"https:\/\/o-broc.com\/hr\/wp-json\/wp\/v2\/pages\/179\/revisions\/182"}],"wp:attachment":[{"href":"https:\/\/o-broc.com\/hr\/wp-json\/wp\/v2\/media?parent=179"}],"curies":[{"name":"wp","href":"https:\/\/api.w.org\/{rel}","templated":true}]}}