{"id":225,"date":"2026-01-28T20:21:49","date_gmt":"2026-01-28T19:21:49","guid":{"rendered":"https:\/\/o-broc.com\/hr\/?page_id=225"},"modified":"2026-01-28T20:21:49","modified_gmt":"2026-01-28T19:21:49","slug":"supetar","status":"publish","type":"page","link":"https:\/\/o-broc.com\/hr\/kako-doci\/supetar\/","title":{"rendered":"Supetar"},"content":{"rendered":"<div id=\"pl-225\"  class=\"panel-layout\" ><div id=\"pg-225-0\"  class=\"panel-grid panel-no-style\" ><div id=\"pgc-225-0-0\"  class=\"panel-grid-cell\" ><div id=\"panel-225-0-0-0\" class=\"so-panel widget widget_sow-editor panel-first-child panel-last-child\" data-index=\"0\" ><div\n\t\t\t\n\t\t\tclass=\"so-widget-sow-editor so-widget-sow-editor-base\"\n\t\t\t\n\t\t>\n<div class=\"siteorigin-widget-tinymce textwidget\">\n\t<p>\u201cSupetar je doista mjesto za idealan odmor\u2026 ljupko sunce pred kojim se plavi \u017eal stidljivo razgaljuje kao bezazlena nevinost djevojke\u2026 a uve\u010der, mir je dubok\u2026u srcu te \u0161krte zemlje i nezahvalnog kamena, ima neki trenutak visoke i strasne doma\u0107e poezije neki vrutak ljepote na kojemu bi se trebalo zaustaviti\u2026 toliko je zvijezda, a njihovi su treptaji diskretni\u2026 mir ulazi u me\u2026\u201d Tako je o Bra\u010du i Supetru pisao Tin Ujevi\u0107 1929. godine. Danas je Supetar grad od vi\u0161e od 4000 stanovnika, koji di\u0161u pravim dalmatinskim na\u010dinom \u017eivota, no taj \u010dudesan mir, iako u nekom drugom obliku, i dalje je prisutan. Tko jednom do\u0111e u Supetar, uvijek se po\u017eeli vratiti.<\/p>\n<\/div>\n<\/div><\/div><\/div><\/div><div id=\"pg-225-1\"  class=\"panel-grid panel-no-style\" ><div id=\"pgc-225-1-0\"  class=\"panel-grid-cell\" ><div id=\"panel-225-1-0-0\" class=\"so-panel widget widget_sow-image panel-first-child panel-last-child\" data-index=\"1\" ><div\n\t\t\t\n\t\t\tclass=\"so-widget-sow-image so-widget-sow-image-default-8b5b6f678277-225\"\n\t\t\t\n\t\t>\n<div class=\"sow-image-container\">\n\t\t<img \n\tsrc=\"https:\/\/o-broc.com\/hr\/wp-content\/uploads\/2026\/01\/93183663_xl.jpg\" width=\"1969\" height=\"1312\" sizes=\"(max-width: 1969px) 100vw, 1969px\" alt=\"\" \t\tclass=\"so-widget-image\"\/>\n\t<\/div>\n\n<\/div><\/div><\/div><\/div><div id=\"pg-225-2\"  class=\"panel-grid panel-no-style\" ><div id=\"pgc-225-2-0\"  class=\"panel-grid-cell\" ><div id=\"panel-225-2-0-0\" class=\"so-panel widget widget_sow-editor panel-first-child panel-last-child\" data-index=\"2\" ><div\n\t\t\t\n\t\t\tclass=\"so-widget-sow-editor so-widget-sow-editor-base\"\n\t\t\t\n\t\t>\n<div class=\"siteorigin-widget-tinymce textwidget\">\n\t<p>Supetar je pravi oto\u010dki gradi\u0107 i najve\u0107e naselje na Bra\u010du, pravo je srce otoka smje\u0161teno na njegovom sjeveru. Izvrsno je polazi\u0161te za istra\u017eivanje ovog prekrasnog, raznolikog i vrlo zanimljivog otoka. Supetar je ujedno administrativno, kulturno, gospodarsko i turisti\u010dko sredi\u0161te, a trajektnom vezom odli\u010dno je povezan sa Splitom.<\/p>\n<p>Supetar je nekad bio luka za Nere\u017ei\u0161\u0107a \u2013 povijesnu oto\u010dku prijestolnicu u unutra\u0161njosti otoka. Ime Supetar (od sveti Petar) prvi put se spominje 1423. godine, a dana\u0161nja urbanisti\u010dka obilje\u017eja dobiva tijekom 17. i 18. stolje\u0107a, kad su ga naselili stanovnici Donjeg Humca. Status Grada dobio je 1997. godine.\u2028 Pod podru\u010dje Supetra pripadaju obli\u017enja mjesta: Mirca, Splitska i \u0160krip.<\/p>\n<p>Supetar obiluje povijesnim naslije\u0111em, \u0161to ne \u010dudi, jer njegova povijest se\u017ee u vremena rimskih careva. To potvr\u0111uju ostaci iz 6. stolje\u0107a: ranokr\u0161\u0107anski mozaik pored \u017dupne crkve i ville rustice na punti Sv. Nikole uz gradsku pla\u017eu Banj. Pro\u0161e\u0107ite i do gradskog groblja i pogledajte mauzolej obitelji Petrinovi\u0107, djelo Tome Rosandi\u0107a, a iznad Supetra, s divnim pogledom na Bra\u010dki kanal, posjetite jednu od 19 o\u010duvanih ranoromani\u010dkih crkvi na Bra\u010du, crkvicu sv. Luke. Ukoliko se uputite prema Vidovoj gori, kroz borovu \u0161umicu i u\u017eivaju\u0107i u kupinama koje rastu putem, a usput mo\u017eda nai\u0111ete i na malo krdo konja, sti\u0107i \u0107ete do Trolokvi. To je zanimljiva lokacija s tri pojili\u0161ta, nekad vrlo va\u017enog javnog dobra.<\/p>\n<p>Najbitnija znamenitost i ponos Supetra ipak je Ivan Rendi\u0107 (1849. \u2013 1932.), njegov najpoznatiji umjetnik u povijesti, prvi zna\u010dajni i umjetni\u010dki obrazovan kipar, koji se smatra ocem hrvatskog modernog kiparstva. Njegova prekrasna spomen zbirka nalazi se u Galeriji Ivan Rendi\u0107, u samom centru Supetra i blizini rive, iznad Narodne knji\u017enice. Radovi ovog velikana hrvatske skulpture osim u Supetru nalaze se u Trstu, Veneciji, Rijeci, Dubrovniku, Zagrebu i Koprivnici, a rad koji moramo spomenuti jest zvonik crkve u Lo\u017ei\u0161\u0107ima na Bra\u010du.<\/p>\n<p>Osim posjeta zbirci, provedite \u201cDan s Rendi\u0107em\u201d \u2013 kulturni je to \u0111ir koji vas vodi kroz najljep\u0161e dijelove Supetra, gdje se mo\u017eete susresti s radovima i ostav\u0161tinom ovog poznatog Supetranina. Vodi\u010d za ovu kulturnu \u0161etnju preuzmite u Turisti\u010dko-informativnom centru u Supetru, odmah po izlasku iz trajekta.<\/p>\n<\/div>\n<\/div><\/div><\/div><\/div><\/div>","protected":false},"excerpt":{"rendered":"<p>\u201cSupetar je doista mjesto za idealan odmor\u2026 ljupko sunce pred kojim se plavi \u017eal stidljivo razgaljuje kao bezazlena nevinost djevojke\u2026 a uve\u010der, mir je dubok\u2026u srcu te \u0161krte zemlje i nezahvalnog kamena, ima neki trenutak visoke i strasne doma\u0107e poezije neki vrutak ljepote na kojemu bi se trebalo zaustaviti\u2026 toliko je zvijezda, a njihovi su [&hellip;]<\/p>\n","protected":false},"author":2,"featured_media":0,"parent":95,"menu_order":0,"comment_status":"closed","ping_status":"closed","template":"","meta":{"footnotes":""},"class_list":["post-225","page","type-page","status-publish","hentry","post"],"_links":{"self":[{"href":"https:\/\/o-broc.com\/hr\/wp-json\/wp\/v2\/pages\/225","targetHints":{"allow":["GET"]}}],"collection":[{"href":"https:\/\/o-broc.com\/hr\/wp-json\/wp\/v2\/pages"}],"about":[{"href":"https:\/\/o-broc.com\/hr\/wp-json\/wp\/v2\/types\/page"}],"author":[{"embeddable":true,"href":"https:\/\/o-broc.com\/hr\/wp-json\/wp\/v2\/users\/2"}],"replies":[{"embeddable":true,"href":"https:\/\/o-broc.com\/hr\/wp-json\/wp\/v2\/comments?post=225"}],"version-history":[{"count":1,"href":"https:\/\/o-broc.com\/hr\/wp-json\/wp\/v2\/pages\/225\/revisions"}],"predecessor-version":[{"id":226,"href":"https:\/\/o-broc.com\/hr\/wp-json\/wp\/v2\/pages\/225\/revisions\/226"}],"up":[{"embeddable":true,"href":"https:\/\/o-broc.com\/hr\/wp-json\/wp\/v2\/pages\/95"}],"wp:attachment":[{"href":"https:\/\/o-broc.com\/hr\/wp-json\/wp\/v2\/media?parent=225"}],"curies":[{"name":"wp","href":"https:\/\/api.w.org\/{rel}","templated":true}]}}