{"id":59,"date":"2025-03-17T17:24:38","date_gmt":"2025-03-17T16:24:38","guid":{"rendered":"https:\/\/o-broc.com\/hr\/?page_id=59"},"modified":"2026-01-28T19:08:19","modified_gmt":"2026-01-28T18:08:19","slug":"59-2","status":"publish","type":"page","link":"https:\/\/o-broc.com\/hr\/59-2\/","title":{"rendered":"Poziv"},"content":{"rendered":"<div id=\"pl-59\"  class=\"panel-layout\" ><div id=\"pg-59-0\"  class=\"panel-grid panel-no-style\" ><div id=\"pgc-59-0-0\"  class=\"panel-grid-cell\" ><div id=\"panel-59-0-0-0\" class=\"so-panel widget widget_sow-editor panel-first-child panel-last-child\" data-index=\"0\" ><div\n\t\t\t\n\t\t\tclass=\"so-widget-sow-editor so-widget-sow-editor-base\"\n\t\t\t\n\t\t>\n<div class=\"siteorigin-widget-tinymce textwidget\">\n\t<ul>\n<li><span class=\"st\">Vrijeme odr\u017eavanja: 29. do 31. svibanj 2026.<br \/>\n<\/span><\/li>\n<li><span class=\"st\">Centar natjecanja: Supetar<br \/>\n<\/span><\/li>\n<li><span class=\"st\">Mjesto odr\u017eavanja: Supetar, Dol, Vidova Gora, Bra\u010d<br \/>\n<\/span><\/li>\n<li><span class=\"st\">Organizator: OK Maksimir<\/span><\/li>\n<li><span class=\"st\">Postavlja\u010di staza: Tomislav Kani\u0161ki, Lobel Horvat, Mario \u0160tambuk<\/span><\/li>\n<li><span class=\"st\">Vrsta natjecanja: Vi\u0161ednevno, Srednje staze, Sprint, Prvenstvo Hrvatske, Kup Hrvatske, Sprint kup Hrvatske<\/span><\/li>\n<li><span class=\"st\">\u010cetvrtak 28.5., Model event\/trening<\/span><\/li>\n<li><span class=\"st\">Petak 29.5., Sprint, Dol.<\/span><\/li>\n<li><span class=\"st\">Subota 30.5., Srednje staze, Vidova Gora, Vidova Gora.<\/span><\/li>\n<li><span class=\"st\">Subota 30.5. Supetar welcome party race.<\/span><\/li>\n<li><span class=\"st\">Nedjelja 31.5., sprint PH, Supetar.<\/span><\/li>\n<li><span class=\"st\">Karte: sprint 1:4000, E=2,5m, srednje 1:7500, E=5m.<\/span><\/li>\n<li><span class=\"st\">Kategorije: M\u017d12, 14, 16, 20, 21E, 21B, 35, 45, 55, 65, 70, Open, Beginners<\/span><\/li>\n<li><span class=\"st\">Za ovjeru obilaska staze koristi se SIAC.<\/span><\/li>\n<li><span class=\"st\">Prijave: Do \u010detvrtka 21.5.2026. preko <a href=\"http:\/\/www.orienteeringonline.net\/CompetitionBasicInfo.aspx?CompetitionID=14121\" target=\"_blank\" rel=\"noopener\">OrienteeringOnline.net<\/a><\/span><\/li>\n<li><span class=\"st\">Startnina: Prema pravilima HOS. Naknadne prijave mogu\u0107e ukoliko ima slobodnih mjesta uz 50% vi\u0161u startninu.<\/span><\/li>\n<li><span class=\"st\">Uplate: Na ra\u010dun HR1924840081135046768, s naznakom \"Bra\u010d 2026\". Uplate u gotovini biti \u0107e mogu\u0107e samo u iznimnim slu\u010dajevima.<\/span><\/li>\n<li><span class=\"st\">Nagrade: Medalje za 3 prvoplasirana natjecatelja.<\/span><\/li>\n<li><span class=\"st\">Napomene: Svaki natjecatelj nastupa na vlastitu odgovornost. Klubovi su odgovorni za lije\u010dni\u010dke preglede svojih natjecatelja. Karte su za\u0161ti\u0107ene od utjecaja vlage. Natjecanje je javni doga\u0111aj. Prijavom i dolaskom na natjecanje sudionici (natjecatelji i posjetioci) pristaju na audio-vizualno snimanje te obradu podataka za potrebe natjecanja. .<\/span><\/li>\n<li><span class=\"st\">Kontakt: Tomislav Kani\u0161ki <a href=\"mailto:tome.kaniski@gmail.com\" target=\"_blank\" rel=\"noopener\">tome.kaniski@gmail.com<\/a> <\/span><\/li>\n<\/ul>\n<p>&nbsp;<\/p>\n<\/div>\n<\/div><\/div><\/div><\/div><\/div>","protected":false},"excerpt":{"rendered":"<p>Vrijeme odr\u017eavanja: 29. do 31. svibanj 2026. Centar natjecanja: Supetar Mjesto odr\u017eavanja: Supetar, Dol, Vidova Gora, Bra\u010d Organizator: OK Maksimir Postavlja\u010di staza: Tomislav Kani\u0161ki, Lobel Horvat, Mario \u0160tambuk Vrsta natjecanja: Vi\u0161ednevno, Srednje staze, Sprint, Prvenstvo Hrvatske, Kup Hrvatske, Sprint kup Hrvatske \u010cetvrtak 28.5., Model event\/trening Petak 29.5., Sprint, Dol. Subota 30.5., Srednje staze, Vidova Gora, [&hellip;]<\/p>\n","protected":false},"author":2,"featured_media":0,"parent":0,"menu_order":0,"comment_status":"closed","ping_status":"closed","template":"","meta":{"footnotes":""},"class_list":["post-59","page","type-page","status-publish","hentry","post"],"_links":{"self":[{"href":"https:\/\/o-broc.com\/hr\/wp-json\/wp\/v2\/pages\/59","targetHints":{"allow":["GET"]}}],"collection":[{"href":"https:\/\/o-broc.com\/hr\/wp-json\/wp\/v2\/pages"}],"about":[{"href":"https:\/\/o-broc.com\/hr\/wp-json\/wp\/v2\/types\/page"}],"author":[{"embeddable":true,"href":"https:\/\/o-broc.com\/hr\/wp-json\/wp\/v2\/users\/2"}],"replies":[{"embeddable":true,"href":"https:\/\/o-broc.com\/hr\/wp-json\/wp\/v2\/comments?post=59"}],"version-history":[{"count":9,"href":"https:\/\/o-broc.com\/hr\/wp-json\/wp\/v2\/pages\/59\/revisions"}],"predecessor-version":[{"id":212,"href":"https:\/\/o-broc.com\/hr\/wp-json\/wp\/v2\/pages\/59\/revisions\/212"}],"wp:attachment":[{"href":"https:\/\/o-broc.com\/hr\/wp-json\/wp\/v2\/media?parent=59"}],"curies":[{"name":"wp","href":"https:\/\/api.w.org\/{rel}","templated":true}]}}