{"id":92,"date":"2025-03-18T17:11:10","date_gmt":"2025-03-18T16:11:10","guid":{"rendered":"https:\/\/o-broc.com\/hr\/?page_id=92"},"modified":"2026-02-02T21:08:36","modified_gmt":"2026-02-02T20:08:36","slug":"smjestaj","status":"publish","type":"page","link":"https:\/\/o-broc.com\/hr\/smjestaj\/","title":{"rendered":"Smje\u0161taj"},"content":{"rendered":"<div id=\"pl-92\"  class=\"panel-layout\" ><div id=\"pg-92-0\"  class=\"panel-grid panel-no-style\" ><div id=\"pgc-92-0-0\"  class=\"panel-grid-cell\" ><div id=\"panel-92-0-0-0\" class=\"so-panel widget widget_sow-image panel-first-child panel-last-child\" data-index=\"0\" ><div\n\t\t\t\n\t\t\tclass=\"so-widget-sow-image so-widget-sow-image-default-8b5b6f678277-92\"\n\t\t\t\n\t\t>\n<div class=\"sow-image-container\">\n\t\t<img \n\tsrc=\"https:\/\/o-broc.com\/hr\/wp-content\/uploads\/2026\/01\/116250354_xl.jpg\" width=\"1969\" height=\"1312\" sizes=\"(max-width: 1969px) 100vw, 1969px\" alt=\"\" \t\tclass=\"so-widget-image\"\/>\n\t<\/div>\n\n<\/div><\/div><\/div><div id=\"pgc-92-0-1\"  class=\"panel-grid-cell\" ><div id=\"panel-92-0-1-0\" class=\"so-panel widget widget_sow-editor panel-first-child panel-last-child\" data-index=\"1\" ><div\n\t\t\t\n\t\t\tclass=\"so-widget-sow-editor so-widget-sow-editor-base\"\n\t\t\t\n\t\t>\n<div class=\"siteorigin-widget-tinymce textwidget\">\n\t<p>Dragi natjecatelji i gosti,<\/p>\n<p>Za ovogodi\u0161nje natjecanje imamo posebne ponude za smje\u0161taj u hotelima i kampovima u Supetru. Provjerite ponude i na\u0111ite svoj smje\u0161taj za ovogodi\u0161nje Otvoreno prvenstvo Bra\u010da:<\/p>\n<h1><strong>Ponuda za smje\u0161taj u <\/strong><strong>Watermanresorts<\/strong><strong> hotelima u Supetru:<\/strong><\/h1>\n<p>Waterman Svpetrvs Resort**** - Supetar<\/p>\n<p>Cijena smje\u0161taja u jednokrevetnoj sobi s doru\u010dkom: 63,00 eur po osobi po danu<\/p>\n<p>Cijena smje\u0161taja u jednokrevetnoj sobi s doru\u010dkom i ve\u010derom: 75,00 eur po osobi po danu<\/p>\n<p>Cijena smje\u0161taja u dvokrevetnoj sobi s doru\u010dkom: 53,00 eur po osobi po danu<\/p>\n<p>Cijena smje\u0161taja u dvokrevetnoj sobi s doru\u010dkom i ve\u010derom: 65,00 eur po osobi po danu<\/p>\n<p>Iznos turisti\u010dke pristojbe: 2,00 eur po osobi i danu<\/p>\n<p>Email kontakt za vi\u0161e informacija: <a href=\"mailto:sales@watermanresorts.com\" target=\"_blank\" rel=\"noopener\">sales@watermanresorts.com<\/a><\/p>\n<p>Waterman Beach Village **** - Supetar<\/p>\n<p>Cijena smje\u0161taja (bez obroka) u mobilnoj ku\u0107ici za 1-4 osobe: 65,00 eur po danu.<\/p>\n<p>Iznos turisti\u010dke pristojbe: 1,50 eur po osobi i danu.<\/p>\n<p>Email kontakt za vi\u0161e informacija: <a href=\"mailto:sales@watermanresorts.com\">sales@watermanresorts.com<\/a><\/p>\n<p>Link za rezervaciju po navedenim cijenama <a href=\"https:\/\/book.watermanresorts.com\/booking.php?company_id=3c50818a61c4253b76241bf29e06a728&amp;partners_access=BTR26\">https:\/\/book.watermanresorts.com\/booking.php?company_id=3c50818a61c4253b76241bf29e06a728&amp;partners_access=BTR26<\/a><\/p>\n<p>Gosti mogu rezervirati smje\u0161taj u period od 27.05. do 01.06.2026 po navedenim cijenama i uvjetima.<\/p>\n<p>Vrijedi za sve ponude: Depozit za potvrdu rezervacije iznosi 20% od ukupne cijene. Depozit je nepovratan u slu\u010daju otkaza rezervacije. Ostatak iznosa pla\u0107a se na recepciji, po dolasku.<\/p>\n<p>&nbsp;<\/p>\n<h1><strong>Ponuda za Camping Bunja:<\/strong><\/h1>\n<p>BRO\u010c 2026 \u2013 SUPETAR<\/p>\n<p>Iskoristite priliku za ugodan i opu\u0161taju\u0107i boravak odmah uz more nakon napornih utrka! Camping Bunja odobrava posebne uvjete smje\u0161taja uz 25 % popusta za sudionike sportske manifestacije<\/p>\n<p>Otvoreno prvenstvo \u2013 orijentacijsko tr\u010danje \u201eBRO\u010c 2026.\u201c<\/p>\n<p>Lokacija: Supetar, otok Bra\u010d<\/p>\n<p>Termin: 28. \u2013 31. svibnja 2026.<\/p>\n<p>Vrste smje\u0161taja uklju\u010dene u ponudu:<\/p>\n<ul>\n<li>Mobilne ku\u0107ice<\/li>\n<li>Parcele za goste koji dolaze automobilom, kamperom ili \u0161atorom<\/li>\n<\/ul>\n<p>Uvjeti ponude:<\/p>\n<ul>\n<li>25 % popusta na sve rezervacije u navedenom terminu<\/li>\n<li>Ponuda vrijedi za sudionike manifestacije i njihove pratnje<\/li>\n<li>Popust se odobrava ovisno o raspolo\u017eivosti kapaciteta<\/li>\n<\/ul>\n<p>Rezervacije i informacije:<\/p>\n<p><a href=\"mailto:booking@campingbunja.com\" target=\"_blank\" rel=\"noopener\">booking@campingbunja.com<\/a><\/p>\n<h1><strong>Aminess\u00a0Hotels\u00a0&amp;\u00a0Resorts:<\/strong><\/h1>\n<p>Ponuda za hotele Aminess Velaris Resort i Casu.<\/p>\n<p>KOD za Bra\u010d Orienteereing Championship, za Velaris Resort i Casu je: BROC2026, od 28-31.05.2025 za HB\/BB za sobu Premium double u Resortu i Standard double u Casi, turisti\u010dka pristojba se pla\u0107a dodatno.<\/p>\n<p>Molim Vas samo da kod unosa koda na na\u0161oj web stranici, sudionici moraju odabrati objekt i ru\u010dno unijeti kod da ne ostane razmak kod kopiranja.<\/p>\n<p>Pored ove ponude istra\u017eite i druge punude smje\u0161taja za svoju orijentacijsku avanturu na Bra\u010du. Nudimo vam bogat izbor kvalitetnih rje\u0161enja, od luksuznih hotela, modernih apartmana, udobnih soba do robinzonskih ku\u0107a. Va\u0161i \u0107e se doma\u0107ini pobrinuti da se u Supetru osje\u0107ate kao kod ku\u0107e. Bit \u0107e to jedno nezaboravno iskustvo.<\/p>\n<p>&nbsp;<\/p>\n<div class=\"entry-content\">\n<p><a href=\"https:\/\/supetar.hr\/hr\/smjestaj\/\" target=\"_blank\" rel=\"noopener\">LINK<\/a><\/p>\n<\/div>\n<p>&nbsp;<\/p>\n<\/div>\n<\/div><\/div><\/div><\/div><\/div>","protected":false},"excerpt":{"rendered":"<p>Dragi natjecatelji i gosti, Za ovogodi\u0161nje natjecanje imamo posebne ponude za smje\u0161taj u hotelima i kampovima u Supetru. Provjerite ponude i na\u0111ite svoj smje\u0161taj za ovogodi\u0161nje Otvoreno prvenstvo Bra\u010da: Ponuda za smje\u0161taj u Watermanresorts hotelima u Supetru: Waterman Svpetrvs Resort**** &#8211; Supetar Cijena smje\u0161taja u jednokrevetnoj sobi s doru\u010dkom: 63,00 eur po osobi po danu [&hellip;]<\/p>\n","protected":false},"author":2,"featured_media":0,"parent":0,"menu_order":0,"comment_status":"closed","ping_status":"closed","template":"","meta":{"footnotes":""},"class_list":["post-92","page","type-page","status-publish","hentry","post"],"_links":{"self":[{"href":"https:\/\/o-broc.com\/hr\/wp-json\/wp\/v2\/pages\/92","targetHints":{"allow":["GET"]}}],"collection":[{"href":"https:\/\/o-broc.com\/hr\/wp-json\/wp\/v2\/pages"}],"about":[{"href":"https:\/\/o-broc.com\/hr\/wp-json\/wp\/v2\/types\/page"}],"author":[{"embeddable":true,"href":"https:\/\/o-broc.com\/hr\/wp-json\/wp\/v2\/users\/2"}],"replies":[{"embeddable":true,"href":"https:\/\/o-broc.com\/hr\/wp-json\/wp\/v2\/comments?post=92"}],"version-history":[{"count":18,"href":"https:\/\/o-broc.com\/hr\/wp-json\/wp\/v2\/pages\/92\/revisions"}],"predecessor-version":[{"id":248,"href":"https:\/\/o-broc.com\/hr\/wp-json\/wp\/v2\/pages\/92\/revisions\/248"}],"wp:attachment":[{"href":"https:\/\/o-broc.com\/hr\/wp-json\/wp\/v2\/media?parent=92"}],"curies":[{"name":"wp","href":"https:\/\/api.w.org\/{rel}","templated":true}]}}