{"id":95,"date":"2025-03-18T17:20:41","date_gmt":"2025-03-18T16:20:41","guid":{"rendered":"https:\/\/o-broc.com\/hr\/?page_id=95"},"modified":"2026-02-19T11:39:18","modified_gmt":"2026-02-19T10:39:18","slug":"kako-doci","status":"publish","type":"page","link":"https:\/\/o-broc.com\/hr\/kako-doci\/","title":{"rendered":"Kako do\u0107i"},"content":{"rendered":"<div id=\"pl-95\"  class=\"panel-layout\" ><div id=\"pg-95-0\"  class=\"panel-grid panel-no-style\" ><div id=\"pgc-95-0-0\"  class=\"panel-grid-cell\" ><div id=\"panel-95-0-0-0\" class=\"so-panel widget widget_sow-image panel-first-child panel-last-child\" data-index=\"0\" ><div\n\t\t\t\n\t\t\tclass=\"so-widget-sow-image so-widget-sow-image-default-8b5b6f678277-95\"\n\t\t\t\n\t\t>\n<div class=\"sow-image-container\">\n\t\t<img \n\tsrc=\"https:\/\/o-broc.com\/hr\/wp-content\/uploads\/2026\/01\/BRAC-MAP-za-web.jpg\" width=\"500\" height=\"466\" sizes=\"(max-width: 500px) 100vw, 500px\" alt=\"\" \t\tclass=\"so-widget-image\"\/>\n\t<\/div>\n\n<\/div><\/div><\/div><div id=\"pgc-95-0-1\"  class=\"panel-grid-cell\" ><div id=\"panel-95-0-1-0\" class=\"so-panel widget widget_sow-editor panel-first-child\" data-index=\"1\" ><div\n\t\t\t\n\t\t\tclass=\"so-widget-sow-editor so-widget-sow-editor-base\"\n\t\t\t\n\t\t>\n<div class=\"siteorigin-widget-tinymce textwidget\">\n\t<p>Kako do\u0107i na otok Bra\u010d? Automobilom, autobusom ili vlakom do\u0111ite u Split ili Makarsku a zatim trajektom ili katamaranom otplovite na Bra\u010d. Trajekt iz Splita vozi u Supetar, a trajekt iz Makarske u Sumartin. Pri dolasku u Sumartin imate jo\u0161 40 km vo\u017enje do Supetra. Ako dolazite avionom, vjerojatno \u0107ete sletjeti u Split (iako bi i Dubrovnik mogao biti opcija). Iz Splita mo\u017eete uzeti trajekt, lokalni autobus, unajmiti automobil ili uzeti taksi do Bra\u010da. Na otoku Bra\u010du postoji i mala zra\u010dna luka.<\/p>\n<\/div>\n<\/div><\/div><div id=\"panel-95-0-1-1\" class=\"so-panel widget widget_sow-editor\" data-index=\"2\" ><div class=\"panel-widget-style panel-widget-style-for-95-0-1-1\" ><div\n\t\t\t\n\t\t\tclass=\"so-widget-sow-editor so-widget-sow-editor-base\"\n\t\t\t\n\t\t><h3 class=\"widget-title\">Centar natjecanja<\/h3>\n<div class=\"siteorigin-widget-tinymce textwidget\">\n\t<p><a href=\"https:\/\/www.google.com\/maps\/d\/u\/0\/viewer?mid=1n0HhkyrOGlurMts93EdfGNohwpvq-7d3&amp;ll=43.34109394499852%2C16.625326599999966&amp;z=13\" target=\"_blank\" rel=\"noopener\">Karta<\/a><\/p>\n<p><a href=\"https:\/\/o-broc.com\/hr\/kako-doci\/supetar\/\"><span style=\"color: #000000;\">Supetar<\/span><\/a><\/p>\n<\/div>\n<\/div><\/div><\/div><div id=\"panel-95-0-1-2\" class=\"so-panel widget widget_sow-image\" data-index=\"3\" ><div\n\t\t\t\n\t\t\tclass=\"so-widget-sow-image so-widget-sow-image-default-8b5b6f678277-95\"\n\t\t\t\n\t\t>\n<div class=\"sow-image-container\">\n\t\t<img \n\tsrc=\"https:\/\/o-broc.com\/hr\/wp-content\/uploads\/2026\/01\/Supetar_1.jpg\" width=\"2028\" height=\"1352\" sizes=\"(max-width: 2028px) 100vw, 2028px\" alt=\"\" \t\tclass=\"so-widget-image\"\/>\n\t<\/div>\n\n<\/div><\/div><div id=\"panel-95-0-1-3\" class=\"so-panel widget widget_sow-editor\" data-index=\"4\" ><div\n\t\t\t\n\t\t\tclass=\"so-widget-sow-editor so-widget-sow-editor-base\"\n\t\t\t\n\t\t>\n<div class=\"siteorigin-widget-tinymce textwidget\">\n\t<p><span style=\"color: #000000;\"><a style=\"color: #000000;\" href=\"https:\/\/o-broc.com\/hr\/kako-doci\/dol\/\">Dol<\/a><\/span><\/p>\n<\/div>\n<\/div><\/div><div id=\"panel-95-0-1-4\" class=\"so-panel widget widget_sow-image panel-last-child\" data-index=\"5\" ><div\n\t\t\t\n\t\t\tclass=\"so-widget-sow-image so-widget-sow-image-default-8b5b6f678277-95\"\n\t\t\t\n\t\t>\n<div class=\"sow-image-container\">\n\t\t<img \n\tsrc=\"https:\/\/o-broc.com\/hr\/wp-content\/uploads\/2021\/12\/Dol.jpg\" width=\"2028\" height=\"868\" sizes=\"(max-width: 2028px) 100vw, 2028px\" alt=\"\" \t\tclass=\"so-widget-image\"\/>\n\t<\/div>\n\n<\/div><\/div><\/div><\/div><\/div>","protected":false},"excerpt":{"rendered":"<p>Kako do\u0107i na otok Bra\u010d? Automobilom, autobusom ili vlakom do\u0111ite u Split ili Makarsku a zatim trajektom ili katamaranom otplovite na Bra\u010d. Trajekt iz Splita vozi u Supetar, a trajekt iz Makarske u Sumartin. Pri dolasku u Sumartin imate jo\u0161 40 km vo\u017enje do Supetra. Ako dolazite avionom, vjerojatno \u0107ete sletjeti u Split (iako bi [&hellip;]<\/p>\n","protected":false},"author":2,"featured_media":0,"parent":0,"menu_order":0,"comment_status":"closed","ping_status":"closed","template":"","meta":{"footnotes":""},"class_list":["post-95","page","type-page","status-publish","hentry","post"],"_links":{"self":[{"href":"https:\/\/o-broc.com\/hr\/wp-json\/wp\/v2\/pages\/95","targetHints":{"allow":["GET"]}}],"collection":[{"href":"https:\/\/o-broc.com\/hr\/wp-json\/wp\/v2\/pages"}],"about":[{"href":"https:\/\/o-broc.com\/hr\/wp-json\/wp\/v2\/types\/page"}],"author":[{"embeddable":true,"href":"https:\/\/o-broc.com\/hr\/wp-json\/wp\/v2\/users\/2"}],"replies":[{"embeddable":true,"href":"https:\/\/o-broc.com\/hr\/wp-json\/wp\/v2\/comments?post=95"}],"version-history":[{"count":8,"href":"https:\/\/o-broc.com\/hr\/wp-json\/wp\/v2\/pages\/95\/revisions"}],"predecessor-version":[{"id":250,"href":"https:\/\/o-broc.com\/hr\/wp-json\/wp\/v2\/pages\/95\/revisions\/250"}],"wp:attachment":[{"href":"https:\/\/o-broc.com\/hr\/wp-json\/wp\/v2\/media?parent=95"}],"curies":[{"name":"wp","href":"https:\/\/api.w.org\/{rel}","templated":true}]}}